{"id":393,"date":"2022-07-20T14:40:04","date_gmt":"2022-07-20T12:40:04","guid":{"rendered":"https:\/\/tabac-stop-center-01.com\/?page_id=393"},"modified":"2022-11-29T10:32:11","modified_gmt":"2022-11-29T09:32:11","slug":"moyens-pour-arret-tabac","status":"publish","type":"page","link":"https:\/\/tabac-stop-center-01.com\/fr\/moyens-pour-arret-tabac\/","title":{"rendered":"Quels sont les moyens d'arr\u00eater de fumer ?"},"content":{"rendered":"[vc_row type=\"in_container\" full_screen_row_position=\"middle\" column_margin=\"default\" column_direction=\"default\" column_direction_tablet=\"default\" column_direction_phone=\"default\" scene_position=\"center\" top_padding=\"2%\" bottom_padding=\"5%\" left_padding_desktop=\"4%\" constrain_group_2=\"yes\" right_padding_desktop=\"4%\" text_color=\"dark\" text_align=\"left\" row_border_radius=\"none\" row_border_radius_applies=\"bg\" overflow=\"visible\" advanced_gradient_angle=\"0\" overlay_strength=\"0.3\" gradient_direction=\"left_to_right\" shape_divider_position=\"bottom\" bg_image_animation=\"none\" gradient_type=\"default\" shape_type=\"\"][vc_column column_padding=\"no-extra-padding\" column_padding_tablet=\"inherit\" column_padding_phone=\"inherit\" column_padding_position=\"all\" column_element_spacing=\"default\" background_color_opacity=\"1\" background_hover_color_opacity=\"1\" column_shadow=\"none\" column_border_radius=\"none\" column_link_target=\"_self\" column_position=\"default\" gradient_direction=\"left_to_right\" overlay_strength=\"0.3\" width=\"1\/1\" tablet_width_inherit=\"default\" tablet_text_alignment=\"default\" phone_text_alignment=\"default\" animation_type=\"default\" bg_image_animation=\"none\" border_type=\"simple\" column_border_width=\"none\" column_border_style=\"solid\"][vc_column_text]Il est difficile d'arr\u00eater de fumer, mais ce n'est pas impossible. Vous pouvez essayer d'arr\u00eater de fumer en utilisant diverses m\u00e9thodes, notamment les substituts nicotiniques, l'arr\u00eat soudain du tabac, les plantes, le <a href=\"\/\">laser pour arr\u00eater de fumer<\/a> ou l'utilisation d'une e-cigarette. Vous pouvez \u00e9galement essayer de fixer une date pour arr\u00eater de fumer et informer votre famille et vos amis de votre projet afin qu'ils vous soutiennent.[\/vc_column_text][image_with_animation image_url=\"395\" image_size=\"full\" animation_type=\"entrance\" animation=\"None\" hover_animation=\"none\" alignment=\"center\" border_radius=\"none\" box_shadow=\"none\" image_loading=\"lazy-load\" max_width=\"100%\" max_width_mobile=\"default\"][vc_column_text]\n<h2>Pourquoi arr\u00eater la cigarette ?<\/h2>\n<p>Il y a de nombreuses raisons pour lesquelles les gens veulent arr\u00eater de fumer, notamment la sant\u00e9, l'argent et le bien-\u00eatre.<\/p>\n<p>La sant\u00e9 est une des principales raisons pour lesquelles les gens ont envie d'arr\u00eater de fumer. Le tabagisme est nocif pour votre sant\u00e9 et peut entra\u00eener de nombreuses maladies, notamment des cancers du poumon, des maladies cardiaques et des accidents vasculaires c\u00e9r\u00e9braux (AVC).<\/p>\n<p><a href=\"https:\/\/tabac-stop-center-01.com\/fr\/casser-habitudes-fumeur\/\">Arr\u00eater de fumer<\/a> peut \u00e9galement vous faire \u00e9conomiser de l'argent. Les cigarettes sont une habitude co\u00fbteuse et selon le nombre de cigarettes que vous fumez par jour, vous pouvez \u00e9conomiser plusieurs centaines d'euros par an.<\/p>\n<p>Enfin, arr\u00eater de fumer peut am\u00e9liorer votre bien-\u00eatre. Le tabagisme est une cause fr\u00e9quente de stress et d'anxi\u00e9t\u00e9, mais aussi d'un manque accru de d\u00e9tente et de sommeil, si vous \u00eates fumeur.<\/p>\n<h2>Comment arr\u00eater de fumer avec les substituts nicotiniques ?<\/h2>\n<p>Les substituts nicotiniques sont des aides \u00e0 l'arr\u00eat du tabac qui contiennent de la nicotine. Ils existent sous diverses formes, notamment des gommes \u00e0 m\u00e2cher, des pastilles et des patches. <em>Ce type de solutions pour arr\u00eater la cigarette ne fonctionne pas avec tout le monde.<\/em><\/p>\n<p>La nicotine est une substance addictive, les substituts peuvent vous aider \u00e0 surmonter les envies de cigarettes. Les substituts nicotiniques ne contiennent pas de goudron ou d'autres produits chimiques nocifs pr\u00e9sents dans les cigarettes, ce qui les rend moins nocifs pour votre sant\u00e9.<\/p>\n<p>Vous pouvez acheter des substituts nicotiniques en pharmacie ou en ligne. Il est important de suivre les instructions du fabricant et de ne pas d\u00e9passer la dose recommand\u00e9e.[\/vc_column_text][image_with_animation image_url=\"396\" image_size=\"full\" animation_type=\"entrance\" animation=\"None\" hover_animation=\"none\" alignment=\"center\" border_radius=\"none\" box_shadow=\"none\" image_loading=\"lazy-load\" max_width=\"100%\" max_width_mobile=\"default\"][vc_column_text]\n<h2>Comment arr\u00eater de fumer avec le laser ?<\/h2>\n<p>Le laser pour arr\u00eater de fumer est une m\u00e9thode qui a \u00e9t\u00e9 d\u00e9velopp\u00e9e dans les ann\u00e9es 1990. Cette m\u00e9thode consiste \u00e0 utiliser un laser \u00e0 faible intensit\u00e9 sur des points pr\u00e9cis du visage ou du corps. Le laser anti tabac agit pour aider \u00e0 arr\u00eater de fumer en stimulant certaines cellules de l'organisme afin qu'elles re\u00e7oivent l'\u00e9nergie dont elles ont besoin pour r\u00e9duire la sensation de manque de nicotine. C'est la <strong>solution la plus efficace pour arr\u00eater de fumer<\/strong>.<\/p>\n<p style=\"text-align: center;\"><a class=\"nectar-button n-sc-button large accent-color regular-button\"  href=\"https:\/\/tabac-stop-center-01.com\/fr\/fonctionnement-medecine-chinoise\/\" data-color-override=\"false\" data-hover-color-override=\"false\" data-hover-text-color-override=\"#fff\"><span>Comment fonctionne la m\u00e9decine chinoise ?<\/span><\/a>\n<h2>Arr\u00eater brusquement de fumer<\/h2>\n<p>L'arr\u00eat soudain du tabac est une autre m\u00e9thode que vous pouvez utiliser pour arr\u00eater de fumer. Cela signifie arr\u00eater de fumer imm\u00e9diatement sans utiliser d'aide \u00e0 l'arr\u00eat du tabac comme les substituts nicotiniques ou les patchs. Cette m\u00e9thode peut \u00eatre difficile pour certaines personnes, mais elle est efficace pour d'autres.<\/p>\n<p>Si vous d\u00e9cidez d'arr\u00eater de fumer brusquement, il est important de vous pr\u00e9parer en fixant une date et en informant votre famille et vos amis de votre projet. Il peut \u00eatre utile de jeter toutes les cigarettes et les accessoires du tabac avant votre date d'arr\u00eat. Vous pouvez \u00e9galement essayer de trouver une activit\u00e9 qui occupera vos mains et votre esprit pendant que vous essayez d'arr\u00eater. Il n'est pas du tout dangereux d'arr\u00eater de fumer brutalement, mais il faut se pr\u00e9parer psychologiquement auparavant pour \u00e9viter tout risque de rechute.<\/p>\n<h2>Comment arr\u00eater de fumer avec une e-cigarette ?<\/h2>\n<p>Une e-cigarette est une cigarette \u00e9lectronique qui contient une solution liquide \u00e0 base de nicotine, de propyl\u00e8ne glycol ou de glyc\u00e9rine v\u00e9g\u00e9tale. Lorsque vous utilisez une e-cigarette, la solution est chauff\u00e9e par une r\u00e9sistance et produit un a\u00e9rosol d\u00e9riv\u00e9 vapeur que vous inhalez.<\/p>\n<p>Les e-cigarettes ont \u00e9t\u00e9 commercialis\u00e9es comme une aide pour arr\u00eater de fumer, mais il n'y a pas encore de preuve scientifique concluante sur leur efficacit\u00e9. Les e-cigarettes ne sont pas non plus sans risque pour la sant\u00e9 et il est important de suivre les instructions du fabricant.[\/vc_column_text][\/vc_column][\/vc_row]\n","protected":false},"excerpt":{"rendered":"<p>[vc_row type=\"in_container\" full_screen_row_position=\"middle\" column_margin=\"default\" column_direction=\"default\" column_direction_tablet=\"default\" column_direction_phone=\"default\" scene_position=\"center\" top_padding=\"2%\" bottom_padding=\"5%\" left_padding_desktop=\"4%\" constrain_group_2=\"yes\" right_padding_desktop=\"4%\" text_color=\"dark\" text_align=\"left\" row_border_radius=\"none\" row_border_radius_applies=\"bg\" overflow=\"visible\" advanced_gradient_angle=\"0\" overlay_strength=\"0.3\" gradient_direction=\"left_to_right\" shape_divider_position=\"bottom\" bg_image_animation=\"none\" gradient_type=\"default\" shape_type=\"\"][vc_column column_padding=\"no-extra-padding\" column_padding_tablet=\"inherit\" column_padding_phone=\"inherit\" column_padding_position=\"all\" column_element_spacing=\"default\"...<\/p>\n","protected":false},"author":1,"featured_media":396,"parent":0,"menu_order":0,"comment_status":"closed","ping_status":"closed","template":"","meta":[],"yoast_head":"<!-- This site is optimized with the Yoast SEO plugin v19.13 - https:\/\/yoast.com\/wordpress\/plugins\/seo\/ -->\n<title>Quel est le mieux pour arr\u00eater de fumer ?<\/title>\n<meta name=\"description\" content=\"Il est difficile d&#039;arr\u00eater de fumer, mais ce n&#039;est pas impossible. Vous pouvez essayer d&#039;arr\u00eater de fumer en utilisant diverses m\u00e9thodes\" \/>\n<meta name=\"robots\" content=\"index, follow, max-snippet:-1, max-image-preview:large, max-video-preview:-1\" \/>\n<link rel=\"canonical\" href=\"https:\/\/tabac-stop-center-01.com\/fr\/moyens-pour-arret-tabac\/\" \/>\n<meta property=\"og:locale\" content=\"fr_FR\" \/>\n<meta property=\"og:type\" content=\"article\" \/>\n<meta property=\"og:title\" content=\"Quel est le mieux pour arr\u00eater de fumer ?\" \/>\n<meta property=\"og:description\" content=\"Il est difficile d&#039;arr\u00eater de fumer, mais ce n&#039;est pas impossible. Vous pouvez essayer d&#039;arr\u00eater de fumer en utilisant diverses m\u00e9thodes\" \/>\n<meta property=\"og:url\" content=\"https:\/\/tabac-stop-center-01.com\/fr\/moyens-pour-arret-tabac\/\" \/>\n<meta property=\"og:site_name\" content=\"stop tabac center\" \/>\n<meta property=\"article:modified_time\" content=\"2022-11-29T09:32:11+00:00\" \/>\n<meta property=\"og:image\" content=\"https:\/\/tabac-stop-center-01.com\/wp-content\/uploads\/2022\/07\/solution-arret-tabac.png\" \/>\n\t<meta property=\"og:image:width\" content=\"902\" \/>\n\t<meta property=\"og:image:height\" content=\"597\" \/>\n\t<meta property=\"og:image:type\" content=\"image\/png\" \/>\n<meta name=\"twitter:card\" content=\"summary_large_image\" \/>\n<meta name=\"twitter:label1\" content=\"Dur\u00e9e de lecture estim\u00e9e\" \/>\n\t<meta name=\"twitter:data1\" content=\"4 minutes\" \/>\n<!-- \/ Yoast SEO plugin. -->","yoast_head_json":{"title":"Quel est le mieux pour arr\u00eater de fumer ?","description":"Il est difficile d'arr\u00eater de fumer, mais ce n'est pas impossible. Vous pouvez essayer d'arr\u00eater de fumer en utilisant diverses m\u00e9thodes","robots":{"index":"index","follow":"follow","max-snippet":"max-snippet:-1","max-image-preview":"max-image-preview:large","max-video-preview":"max-video-preview:-1"},"canonical":"https:\/\/tabac-stop-center-01.com\/fr\/moyens-pour-arret-tabac\/","og_locale":"fr_FR","og_type":"article","og_title":"Quel est le mieux pour arr\u00eater de fumer ?","og_description":"Il est difficile d'arr\u00eater de fumer, mais ce n'est pas impossible. Vous pouvez essayer d'arr\u00eater de fumer en utilisant diverses m\u00e9thodes","og_url":"https:\/\/tabac-stop-center-01.com\/fr\/moyens-pour-arret-tabac\/","og_site_name":"stop tabac center","article_modified_time":"2022-11-29T09:32:11+00:00","og_image":[{"width":902,"height":597,"url":"https:\/\/tabac-stop-center-01.com\/wp-content\/uploads\/2022\/07\/solution-arret-tabac.png","type":"image\/png"}],"twitter_card":"summary_large_image","twitter_misc":{"Dur\u00e9e de lecture estim\u00e9e":"4 minutes"},"schema":{"@context":"https:\/\/schema.org","@graph":[{"@type":"WebPage","@id":"https:\/\/tabac-stop-center-01.com\/fr\/moyens-pour-arret-tabac\/","url":"https:\/\/tabac-stop-center-01.com\/fr\/moyens-pour-arret-tabac\/","name":"Quel est le mieux pour arr\u00eater de fumer ?","isPartOf":{"@id":"https:\/\/tabac-stop-center-01.com\/fr\/#website"},"datePublished":"2022-07-20T12:40:04+00:00","dateModified":"2022-11-29T09:32:11+00:00","description":"Il est difficile d'arr\u00eater de fumer, mais ce n'est pas impossible. Vous pouvez essayer d'arr\u00eater de fumer en utilisant diverses m\u00e9thodes","breadcrumb":{"@id":"https:\/\/tabac-stop-center-01.com\/fr\/moyens-pour-arret-tabac\/#breadcrumb"},"inLanguage":"fr-FR","potentialAction":[{"@type":"ReadAction","target":["https:\/\/tabac-stop-center-01.com\/fr\/moyens-pour-arret-tabac\/"]}]},{"@type":"BreadcrumbList","@id":"https:\/\/tabac-stop-center-01.com\/fr\/moyens-pour-arret-tabac\/#breadcrumb","itemListElement":[{"@type":"ListItem","position":1,"name":"Accueil","item":"https:\/\/tabac-stop-center-01.com\/fr\/"},{"@type":"ListItem","position":2,"name":"Quels sont les moyens d&rsquo;arr\u00eater de fumer ?"}]},{"@type":"WebSite","@id":"https:\/\/tabac-stop-center-01.com\/fr\/#website","url":"https:\/\/tabac-stop-center-01.com\/fr\/","name":"stop tabac center","description":"Un site utilisant WordPress","potentialAction":[{"@type":"SearchAction","target":{"@type":"EntryPoint","urlTemplate":"https:\/\/tabac-stop-center-01.com\/fr\/?s={search_term_string}"},"query-input":"required name=search_term_string"}],"inLanguage":"fr-FR"}]}},"_links":{"self":[{"href":"https:\/\/tabac-stop-center-01.com\/fr\/wp-json\/wp\/v2\/pages\/393"}],"collection":[{"href":"https:\/\/tabac-stop-center-01.com\/fr\/wp-json\/wp\/v2\/pages"}],"about":[{"href":"https:\/\/tabac-stop-center-01.com\/fr\/wp-json\/wp\/v2\/types\/page"}],"author":[{"embeddable":true,"href":"https:\/\/tabac-stop-center-01.com\/fr\/wp-json\/wp\/v2\/users\/1"}],"replies":[{"embeddable":true,"href":"https:\/\/tabac-stop-center-01.com\/fr\/wp-json\/wp\/v2\/comments?post=393"}],"version-history":[{"count":11,"href":"https:\/\/tabac-stop-center-01.com\/fr\/wp-json\/wp\/v2\/pages\/393\/revisions"}],"predecessor-version":[{"id":762,"href":"https:\/\/tabac-stop-center-01.com\/fr\/wp-json\/wp\/v2\/pages\/393\/revisions\/762"}],"wp:featuredmedia":[{"embeddable":true,"href":"https:\/\/tabac-stop-center-01.com\/fr\/wp-json\/wp\/v2\/media\/396"}],"wp:attachment":[{"href":"https:\/\/tabac-stop-center-01.com\/fr\/wp-json\/wp\/v2\/media?parent=393"}],"curies":[{"name":"wp","href":"https:\/\/api.w.org\/{rel}","templated":true}]}}