{"id":198,"date":"2022-07-06T10:22:53","date_gmt":"2022-07-06T08:22:53","guid":{"rendered":"https:\/\/tabac-stop-center-01.com\/?page_id=198"},"modified":"2022-11-21T16:39:35","modified_gmt":"2022-11-21T15:39:35","slug":"parrainage","status":"publish","type":"page","link":"https:\/\/tabac-stop-center-01.com\/fr\/parrainage\/","title":{"rendered":"Parrainage"},"content":{"rendered":"[vc_row type=\"in_container\" full_screen_row_position=\"middle\" column_margin=\"default\" column_direction=\"default\" column_direction_tablet=\"default\" column_direction_phone=\"default\" scene_position=\"center\" text_color=\"dark\" text_align=\"left\" row_border_radius=\"none\" row_border_radius_applies=\"bg\" overflow=\"visible\" overlay_strength=\"0.3\" gradient_direction=\"left_to_right\" shape_divider_position=\"bottom\" bg_image_animation=\"none\"][vc_column column_padding=\"no-extra-padding\" column_padding_tablet=\"inherit\" column_padding_phone=\"inherit\" column_padding_position=\"all\" column_element_spacing=\"default\" background_color_opacity=\"1\" background_hover_color_opacity=\"1\" column_shadow=\"none\" column_border_radius=\"none\" column_link_target=\"_self\" column_position=\"default\" gradient_direction=\"left_to_right\" overlay_strength=\"0.3\" width=\"1\/1\" tablet_width_inherit=\"default\" tablet_text_alignment=\"default\" phone_text_alignment=\"default\" animation_type=\"default\" bg_image_animation=\"none\" border_type=\"simple\" column_border_width=\"none\" column_border_style=\"solid\"][nectar_global_section id=\"124\"][\/vc_column][\/vc_row][vc_row type=\"full_width_background\" full_screen_row_position=\"middle\" column_margin=\"90px\" equal_height=\"yes\" content_placement=\"middle\" column_direction=\"default\" column_direction_tablet=\"default\" column_direction_phone=\"default\" bg_color=\"#ffffff\" scene_position=\"center\" top_padding=\"6%\" bottom_padding=\"2%\" top_padding_tablet=\"8%\" bottom_padding_tablet=\"8%\" text_color=\"dark\" text_align=\"left\" row_border_radius=\"none\" row_border_radius_applies=\"bg\" overflow=\"visible\" id=\"home\" advanced_gradient_angle=\"0\" overlay_strength=\"0.5\" gradient_direction=\"top_to_bottom\" shape_divider_position=\"bottom\" bg_image_animation=\"none\" shape_type=\"straight_section\" gradient_type=\"default\"][vc_column column_padding=\"no-extra-padding\" column_padding_tablet=\"inherit\" column_padding_phone=\"inherit\" column_padding_position=\"all\" column_element_spacing=\"default\" background_color_opacity=\"1\" background_hover_color_opacity=\"1\" column_shadow=\"none\" column_border_radius=\"none\" column_link_target=\"_self\" column_position=\"default\" gradient_direction=\"left_to_right\" overlay_strength=\"0.5\" width=\"1\/2\" tablet_width_inherit=\"default\" tablet_text_alignment=\"default\" phone_text_alignment=\"default\" animation_type=\"default\" bg_image_animation=\"none\" border_type=\"simple\" column_border_width=\"none\" column_border_style=\"solid\" offset=\"vc_col-xs-12\"][image_with_animation image_url=\"199\" image_size=\"full\" animation_type=\"entrance\" animation=\"Fade In\" hover_animation=\"none\" alignment=\"\" border_radius=\"none\" box_shadow=\"none\" image_loading=\"default\" max_width=\"100%\" max_width_mobile=\"default\"][\/vc_column][vc_column column_padding=\"no-extra-padding\" column_padding_tablet=\"no-extra-padding\" column_padding_phone=\"no-extra-padding\" column_padding_position=\"right\" column_element_spacing=\"10px\" background_color_opacity=\"1\" background_hover_color_opacity=\"1\" column_shadow=\"none\" column_border_radius=\"none\" column_link_target=\"_self\" column_position=\"default\" zindex=\"100\" advanced_gradient_angle=\"0\" gradient_direction=\"left_t_to_right_b\" overlay_strength=\"0.3\" width=\"1\/2\" tablet_width_inherit=\"default\" tablet_text_alignment=\"default\" phone_text_alignment=\"default\" animation_type=\"default\" bg_image_animation=\"none\" border_type=\"simple\" column_border_width=\"none\" column_border_style=\"solid\" offset=\"vc_col-xs-12\" gradient_type=\"default\"][vc_row_inner column_margin=\"default\" column_direction=\"default\" column_direction_tablet=\"default\" column_direction_phone=\"default\" text_align=\"left\" row_position=\"default\" row_position_tablet=\"inherit\" row_position_phone=\"inherit\" overflow=\"visible\" pointer_events=\"all\" min_width=\"47vh\"][vc_column_inner column_padding=\"no-extra-padding\" column_padding_tablet=\"inherit\" column_padding_phone=\"inherit\" column_padding_position=\"all\" column_element_spacing=\"5px\" background_color_opacity=\"1\" background_hover_color_opacity=\"1\" column_shadow=\"none\" column_border_radius=\"none\" column_link_target=\"_self\" gradient_direction=\"left_to_right\" overlay_strength=\"0.3\" width=\"1\/1\" tablet_width_inherit=\"default\" animation_type=\"default\" enable_animation=\"true\" animation=\"fade-in-from-bottom\" bg_image_animation=\"none\" border_type=\"simple\" column_border_width=\"none\" column_border_style=\"solid\" enable_border_animation=\"true\"][vc_column_text css_animation=\"none\" css=\".vc_custom_1658765534255{margin-bottom: 20px !important;}\"]\n<h2><span style=\"font-weight: 400;\">L\u2019anti-tabac, un combat ensemble et pour tous<\/span><\/h2>\n[\/vc_column_text][vc_raw_html]JTNDc3BhbiUyMGNsYXNzJTNEJTIyYmFyJTIwcGluayUyMiUzRSUzQyUyRnNwYW4lM0U=[\/vc_raw_html][\/vc_column_inner][\/vc_row_inner][vc_row_inner column_margin=\"default\" column_direction=\"default\" column_direction_tablet=\"default\" column_direction_phone=\"default\" text_align=\"left\" row_position=\"default\" row_position_tablet=\"inherit\" row_position_phone=\"inherit\" overflow=\"visible\" pointer_events=\"all\" min_width=\"47vh\"][vc_column_inner column_padding=\"no-extra-padding\" column_padding_tablet=\"inherit\" column_padding_phone=\"inherit\" column_padding_position=\"all\" column_element_spacing=\"5px\" background_color_opacity=\"1\" background_hover_color_opacity=\"1\" column_shadow=\"none\" column_border_radius=\"none\" column_link_target=\"_self\" gradient_direction=\"left_to_right\" overlay_strength=\"0.3\" width=\"1\/1\" tablet_width_inherit=\"default\" animation_type=\"default\" enable_animation=\"true\" animation=\"fade-in-from-bottom\" bg_image_animation=\"none\" border_type=\"simple\" column_border_width=\"none\" column_border_style=\"solid\" enable_border_animation=\"true\"][vc_column_text]<span style=\"font-weight: 400;\">Le tabac c\u2019est taboo, on en viendra tous \u00e0 bout. Tabac Stop Center 01 a pour vis\u00e9e de faire de vous le futur mentor de votre entourage.<\/span><\/p>\n<p><span style=\"font-weight: 400;\">Nous nous engageons \u00e0 vous aider \u00e0 atteindre l\u2019objectif Z\u00e9ro Tabac. Tous les moyens seront mis en place, pour ce faire. Mais les efforts ne doivent pas s\u2019arr\u00eater \u00e0 vous. Telle une course de relais, vous devez, \u00e0 votre tour, pouvoir aider votre entourage \u00e0 mettre fin \u00e0 sa d\u00e9pendance et son addiction au tabac.<\/span><\/p>\n<p><span style=\"font-weight: 400;\">Que dites-vous d\u2019unir nos forces pour atteindre, non pas l\u2019objectif \u201cZ\u00e9ro Tabac pour moi\u201d mais l\u2019objectif \u201cZ\u00e9ro Tabac autour de moi\u201d ?<\/span><\/p>\n<p><span style=\"font-weight: 400;\">Tout le monde repartira gagnant :<\/span><\/p>\n<ul>\n<li style=\"font-weight: 400;\" aria-level=\"1\"><span style=\"font-weight: 400;\">NOUS, Tabac Stop Center 01 \u2022 en vous accompagnant dans votre sevrage et en vous offrant une autonomie.<\/span><\/li>\n<li style=\"font-weight: 400;\" aria-level=\"1\"><span style=\"font-weight: 400;\">VOUS \u2022 en devenant \u00e0 votre tour le mentor de votre entourage. De plus, cette formule est r\u00e9mun\u00e9ratrice, de quoi vous motiver \u00e0 atteindre de tr\u00e8s beaux objectifs autour de vous.<\/span><\/li>\n<li style=\"font-weight: 400;\" aria-level=\"1\"><span style=\"font-weight: 400;\">EUX \u2022 parce qu\u2019\u00e0 leur tour, et tout comme vous, ils seront d\u00e9barrass\u00e9s de ce cercle vicieux et pourront devenir mentor pour leur entourage respectif.<\/span><\/li>\n<\/ul>\n<p>&nbsp;<\/p>\n<p><span style=\"font-weight: 400;\">Vous l\u2019aurez compris, il s\u2019agit de cr\u00e9er une v\u00e9ritable arm\u00e9e anti-tabac pour le bien-\u00eatre de tous et de votre portefeuille.<\/span>[\/vc_column_text][\/vc_column_inner][\/vc_row_inner][\/vc_column][\/vc_row][vc_row type=\"full_width_content\" full_screen_row_position=\"middle\" column_margin=\"default\" equal_height=\"yes\" content_placement=\"middle\" column_direction=\"default\" column_direction_tablet=\"default\" column_direction_phone=\"default\" bg_color=\"#ffffff\" scene_position=\"center\" top_padding=\"6%\" bottom_padding=\"2%\" left_padding_desktop=\"12%\" constrain_group_2=\"yes\" right_padding_desktop=\"12%\" top_padding_tablet=\"8%\" bottom_padding_tablet=\"8%\" constrain_group_4=\"yes\" right_padding_phone=\"0px\" text_color=\"dark\" text_align=\"left\" row_border_radius=\"none\" row_border_radius_applies=\"bg\" overflow=\"visible\" id=\"home\" advanced_gradient_angle=\"0\" overlay_strength=\"0.5\" gradient_direction=\"top_to_bottom\" shape_divider_position=\"bottom\" bg_image_animation=\"none\" shape_type=\"straight_section\" gradient_type=\"default\"][vc_column column_padding=\"no-extra-padding\" column_padding_tablet=\"inherit\" column_padding_phone=\"inherit\" column_padding_position=\"all\" column_element_spacing=\"default\" background_color_opacity=\"1\" background_hover_color_opacity=\"1\" column_shadow=\"none\" column_border_radius=\"none\" column_link_target=\"_self\" column_position=\"default\" gradient_direction=\"left_to_right\" overlay_strength=\"0.5\" width=\"1\/1\" tablet_width_inherit=\"default\" tablet_text_alignment=\"default\" phone_text_alignment=\"default\" animation_type=\"default\" bg_image_animation=\"none\" border_type=\"simple\" column_border_width=\"none\" column_border_style=\"solid\" offset=\"vc_col-xs-12\"][vc_row_inner column_margin=\"default\" column_direction=\"default\" column_direction_tablet=\"default\" column_direction_phone=\"default\" bottom_padding_tablet=\"2%\" bottom_padding_phone=\"4%\" right_padding_phone=\"4%\" text_align=\"left\" row_position=\"default\" row_position_tablet=\"inherit\" row_position_phone=\"inherit\" overflow=\"visible\" pointer_events=\"all\" min_width=\"47vh\"][vc_column_inner column_padding=\"no-extra-padding\" column_padding_tablet=\"inherit\" column_padding_phone=\"inherit\" column_padding_position=\"all\" column_element_spacing=\"5px\" background_color_opacity=\"1\" background_hover_color_opacity=\"1\" column_shadow=\"none\" column_border_radius=\"none\" column_link_target=\"_self\" gradient_direction=\"left_to_right\" overlay_strength=\"0.3\" width=\"1\/2\" tablet_width_inherit=\"default\" animation_type=\"default\" enable_animation=\"true\" animation=\"fade-in-from-bottom\" bg_image_animation=\"none\" border_type=\"simple\" column_border_width=\"none\" column_border_style=\"solid\" enable_border_animation=\"true\"][vc_column_text css_animation=\"none\" css=\".vc_custom_1658765663686{margin-bottom: 20px !important;}\"]\n<h2><span style=\"font-weight: 400;\">\u00catre sevr\u00e9(e) du tabac peut \u00eatre aussi lucratif <\/span><\/h2>\n[\/vc_column_text][vc_raw_html]JTNDc3BhbiUyMGNsYXNzJTNEJTIyYmFyJTIwZ3JlZW4lMjIlM0UlM0MlMkZzcGFuJTNF[\/vc_raw_html][vc_column_text]<span style=\"font-weight: 400;\">En parrainant vos proches, Tabac Stop Center 01 vous r\u00e9compense. Nous avons \u00e9tabli diff\u00e9rents types d\u2019abonnements qui vous permettront de g\u00e9n\u00e9rer un gain \u00e0 chaque nouveau client. Que dites-vous d\u2019y participer ?<\/span>[\/vc_column_text][\/vc_column_inner][vc_column_inner column_padding=\"no-extra-padding\" column_padding_tablet=\"inherit\" column_padding_phone=\"inherit\" column_padding_position=\"all\" column_element_spacing=\"default\" background_color_opacity=\"1\" background_hover_color_opacity=\"1\" column_shadow=\"none\" column_border_radius=\"none\" column_link_target=\"_self\" gradient_direction=\"left_to_right\" overlay_strength=\"0.3\" width=\"1\/2\" tablet_width_inherit=\"default\" animation_type=\"default\" bg_image_animation=\"none\" border_type=\"simple\" column_border_width=\"none\" column_border_style=\"solid\"][\/vc_column_inner][\/vc_row_inner][vc_row_inner column_margin=\"default\" column_direction=\"default\" column_direction_tablet=\"default\" column_direction_phone=\"default\" bottom_padding=\"5%\" text_align=\"left\" row_position=\"default\" row_position_tablet=\"inherit\" row_position_phone=\"inherit\" class=\"scroll\" overflow=\"visible\" pointer_events=\"all\" el_id=\"ParrainageTable\" min_width=\"47vh\"][vc_column_inner column_padding=\"no-extra-padding\" column_padding_tablet=\"inherit\" column_padding_phone=\"inherit\" column_padding_position=\"all\" top_margin=\"20px\" column_element_spacing=\"5px\" background_color_opacity=\"1\" background_hover_color_opacity=\"1\" column_shadow=\"none\" column_border_radius=\"none\" column_link_target=\"_self\" advanced_gradient_angle=\"0\" gradient_direction=\"left_to_right\" overlay_strength=\"0.3\" width=\"1\/1\" tablet_width_inherit=\"default\" animation_type=\"default\" enable_animation=\"true\" animation=\"fade-in-from-bottom\" bg_image_animation=\"none\" border_type=\"simple\" column_border_width=\"none\" column_border_style=\"solid\" enable_border_animation=\"true\" gradient_type=\"default\"][vc_raw_html css=\".vc_custom_1669021155309{padding-top: 0px !important;}\"]JTNDZGl2JTIwc3R5bGUlM0QlMjIlMkYlMkFvdmVyZmxvdy14JTNBYXV0byUzQiUyQSUyRiUyMiUzRSUwQSUzQ3RhYmxlJTIwY2xhc3MlM0QlMjJwcmljaW5nJTIwQ3VzdFRhYmxlJTIwdGFibGUlMjB0YWJsZS1ib3JkZXJlZCUyMHRhYmxlLXN0cmlwZWQlMjB0YWJsZS1yZXNwb25zaXZlLXN0YWNrJTIyJTIwaWQlM0QlMjJ0YWJsZU9uZSUyMiUzRSUwQSUyMCUyMCUzQ2NhcHRpb24lMjBzdHlsZSUzRCUyMmNhcHRpb24tc2lkZSUzQSUyMGJvdHRvbSUzQiUyMG1hcmdpbi10b3AlM0ElMjAyMHB4JTNCJTIyJTNFJTJBQWJvbm5lbWVudHMlMjBldCUyMGNvbmRpdGlvbnMlMjB2YWxhYmxlcyUyMFVOSVFVRU1FTlQlMjBwb3VyJTIwbGVzJTIwY2xpZW50cyUyMFRhYmFjJTIwU3RvcCUyMENlbnRlciUyMCVFMiU4MCVBMiUyMEZlcm5leS1Wb2x0YWlyZSUyMCUyODAxJTI5JTBBJTIwJTIwJTIwJTIwYXlhbnQlMjBzb3VzY3JpdCUyMCVDMyVBMCUyMHVuZSUyMGZvcm11bGUlMjBWSUNUT0lSRSUyMG91JTIwTElWUkFJU09OJTIwJTNDJTJGY2FwdGlvbiUzRSUwQSUyMCUyMCUzQ3RoZWFkJTIwY2xhc3MlM0QlMjJ0aGVhZC1kYXJrJTIyJTNFJTBBJTIwJTIwJTIwJTIwJTNDdHIlMjBjbGFzcyUzRCUyMmhlYWRlciUyMiUzRSUwQSUyMCUyMCUyMCUyMCUyMCUyMCUzQ3RoJTIwY29sc3BhbiUzRCUyMjIlMjIlM0VBYm9ubmVtZW50cyUyQSUyMCUyRmR1ciVDMyVBOWUlM0MlMkZ0aCUzRSUwQSUyMCUyMCUyMCUyMCUyMCUyMCUzQ3RoJTIwY29sc3BhbiUzRCUyMjIlMjIlM0VQcml4JTNDJTJGdGglM0UlMEElMjAlMjAlMjAlMjAlMjAlMjAlM0N0aCUyMGNvbHNwYW4lM0QlMjIzJTIyJTNFQ2xpZW50cyUyMHBhcnJhaW4lQzMlQTlzJTNDJTJGdGglM0UlMEElMjAlMjAlMjAlMjAlMjAlMjAlM0N0aCUyMGNvbHNwYW4lM0QlMjIyJTIyJTNFR2FpbiUyRmNsaWVudCUzQyUyRnRoJTNFJTBBJTIwJTIwJTIwJTIwJTIwJTIwJTNDdGglMjBjb2xzcGFuJTNEJTIyMyUyMiUzRUIlQzMlQTluJUMzJUE5ZmljZSUyMG5ldCUyMHBvdXIlMjAxJTIwY2xpZW50JTJGbW9pcyUyMHN1ciUyMDElMjBhbiUzQyUyRnRoJTNFJTBBJTIwJTIwJTIwJTIwJTNDJTJGdHIlM0UlMEElMjAlMjAlM0MlMkZ0aGVhZCUzRSUwQSUyMCUyMCUzQ3Rib2R5JTNFJTBBJTIwJTIwJTIwJTIwJTNDdHIlM0UlMEElMjAlMjAlMjAlMjAlMjAlMjAlM0N0ZCUyMGNvbHNwYW4lM0QlMjIxJTIyJTNFUGFycmFpbmFnZSUyMGluZCVDMyVBOXRlcm1pbiVDMyVBOSUzQyUyRnNwYW4lM0UlM0MlMkZ0ZCUzRSUwQSUyMCUyMCUyMCUyMCUyMCUyMCUzQ3RkJTIwY29sc3BhbiUzRCUyMjIlMjIlM0VHcmF0dWl0JTNDJTJGc3BhbiUzRSUzQyUyRnRkJTNFJTBBJTIwJTIwJTIwJTIwJTIwJTIwJTNDdGQlMjBjb2xzcGFuJTNEJTIyMyUyMiUzRWxlJTIwMyVDMyVBOG1lJTIwY2xpZW50JTIwJTNDYnIlM0UlMjBsZSUyMDUlQzMlQThtZSUyMGNsaWVudCUyMCUzQ2JyJTNFJTIwbGUlMjA4JUMzJUE4bWUlMjBjbGllbnQlMjAlM0NiciUzRSUyMCVDMyVBMCUyMHBhcnRpciUyMGR1JTIwOSVDMyVBOG1lJTIwY2xpZW50JTNDJTJGdGQlM0UlMEElMjAlMjAlMjAlMjAlMjAlMjAlM0N0ZCUyMGNvbHNwYW4lM0QlMjIyJTIyJTNFMTAwJUUyJTgyJUFDJTIwJTNDYnIlM0UlMjAxMDAlRTIlODIlQUMlMjAlM0NiciUzRSUyMDEwMCVFMiU4MiVBQyUyMCUzQ2JyJTNFJTIwJTNDYnIlM0UlMjA1MCVFMiU4MiVBQyUyMCUzQyUyRnRkJTNFJTBBJTIwJTIwJTIwJTIwJTIwJTIwJTNDdGQlMjBjb2xzcGFuJTNEJTIyMyUyMiUzRTEyJTIwbW9pcyUyMCUzRCUyMDEyJTIwY2xpZW50cyUyMCUzQ2JyJTNFJTIwJTNDc3Ryb25nJTNFJTNEJTIwNTAwJUUyJTgyJUFDJTNDJTJGc3Ryb25nJTNFJTNDJTJGdGQlM0UlMEElMjAlMjAlMjAlMjAlM0MlMkZ0ciUzRSUwQSUyMCUyMCUyMCUyMCUzQ3RyJTNFJTBBJTIwJTIwJTIwJTIwJTIwJTIwJTNDdGQlMjBjb2xzcGFuJTNEJTIyMSUyMiUzRVNJTFZFUiUyMCUyRiUyMDElMjBhbm4lQzMlQTllJTNDJTJGdGQlM0UlMEElMjAlMjAlMjAlMjAlMjAlMjAlM0N0ZCUyMGNvbHNwYW4lM0QlMjIyJTIyJTNFNTAwJUUyJTgyJUFDJTNDJTJGdGQlM0UlMEElMjAlMjAlMjAlMjAlMjAlMjAlM0N0ZCUyMGNvbHNwYW4lM0QlMjIzJTIyJTNFZHUlMjAxZXIlMjBhdSUyMDUlQzMlQThtZSUyMGNsaWVudCUyMCUzQ2JyJTNFJTIwJUMzJUEwJTIwcGFydGlyJTIwZHUlMjA2JUMzJUE4bWUlMjBjbGllbnQlM0MlMkZ0ZCUzRSUwQSUyMCUyMCUyMCUyMCUyMCUyMCUzQ3RkJTIwY29sc3BhbiUzRCUyMjIlMjIlM0UxMDAlRTIlODIlQUMlMjAlM0NiciUzRSUyMCUzQ2JyJTNFJTIwMTUwJUUyJTgyJUFDJTNDJTJGdGQlM0UlMEElMjAlMjAlMjAlMjAlMjAlMjAlM0N0ZCUyMGNvbHNwYW4lM0QlMjIzJTIyJTNFMTIlMjBtb2lzJTIwJTNEJTIwMTIlMjBjbGllbnRzJTIwJTNDYnIlMkYlM0UlMjAxNTUwJUUyJTgyJUFDJTIwLSUyMDUwMCVFMiU4MiVBQyUyMCUzQ2JyJTJGJTNFJTIwJTNDc3Ryb25nJTNFJTNEJTIwMSUyMDA1MCVFMiU4MiVBQyUzQyUyRnN0cm9uZyUzRSUzQyUyRnRkJTNFJTBBJTIwJTIwJTIwJTIwJTNDJTJGdHIlM0UlMEElMjAlMjAlMjAlMjAlM0N0ciUzRSUwQSUyMCUyMCUyMCUyMCUyMCUyMCUzQ3RkJTIwY29sc3BhbiUzRCUyMjElMjIlM0VHT0xEJTIwJTJGJTIwMiUyMGFubiVDMyVBOWVzJTNDJTJGdGQlM0UlMEElMjAlMjAlMjAlMjAlMjAlMjAlM0N0ZCUyMGNvbHNwYW4lM0QlMjIyJTIyJTNFODAwJUUyJTgyJUFDJTNDJTJGdGQlM0UlMEElMjAlMjAlMjAlMjAlMjAlMjAlM0N0ZCUyMGNvbHNwYW4lM0QlMjIzJTIyJTNFZHUlMjAxZXIlMjBhdSUyMDUlQzMlQThtZSUyMGNsaWVudCUyMCUzQ2JyJTNFJTIwJUMzJUEwJTIwcGFydGlyJTIwZHUlMjA2JUMzJUE4bWUlMjBjbGllbnQlM0MlMkZ0ZCUzRSUwQSUyMCUyMCUyMCUyMCUyMCUyMCUzQ3RkJTIwY29sc3BhbiUzRCUyMjIlMjIlM0UxMDAlRTIlODIlQUMlMjAlM0NiciUzRSUyMCUzQ2JyJTNFJTIwMTUwJUUyJTgyJUFDJTNDJTJGdGQlM0UlMEElMjAlMjAlMjAlMjAlMjAlMjAlM0N0ZCUyMGNvbHNwYW4lM0QlMjIzJTIyJTNFMjQlMjBtb2lzJTIwJTNEJTIwMjQlMjBjbGllbnRzJTIwJTNDYnIlMkYlM0UzJTIwMzUwJUUyJTgyJUFDJTIwLSUyMDgwMCVFMiU4MiVBQyUyMCUzRCUyMDIlMjAyNTAlRTIlODIlQUMlMjAlM0NiciUyRiUzRSUyMCUyMDIlMjAyNTAlRTIlODIlQUMlMjAlMkYlMjAyJTIwJTNDYnIlM0UlMjAlM0NzdHJvbmclM0UlM0QlMjAxJTIwMjI1JUUyJTgyJUFDJTNDJTJGc3Ryb25nJTNFJTNDJTJGdGQlM0UlMEElMjAlMjAlMjAlMjAlM0MlMkZ0ciUzRSUwQSUyMCUyMCUyMCUyMCUzQ3RyJTNFJTBBJTIwJTIwJTIwJTIwJTIwJTIwJTNDdGQlMjBjb2xzcGFuJTNEJTIyMSUyMiUzRVBMQVRJTklVTSUyMCUyRiUyMDUlMjBhbm4lQzMlQTllcyUzQyUyRnRkJTNFJTBBJTIwJTIwJTIwJTIwJTIwJTIwJTNDdGQlMjBjb2xzcGFuJTNEJTIyMiUyMiUzRTElMjA1MDAlRTIlODIlQUMlM0MlMkZ0ZCUzRSUwQSUyMCUyMCUyMCUyMCUyMCUyMCUzQ3RkJTIwY29sc3BhbiUzRCUyMjMlMjIlM0VjaGFxdWUlMjBjbGllbnQlM0MlMkZ0ZCUzRSUwQSUyMCUyMCUyMCUyMCUyMCUyMCUzQ3RkJTIwY29sc3BhbiUzRCUyMjIlMjIlM0UxNTAlRTIlODIlQUMlM0MlMkZ0ZCUzRSUwQSUyMCUyMCUyMCUyMCUyMCUyMCUzQ3RkJTIwY29sc3BhbiUzRCUyMjMlMjIlM0U2MCUyMG1vaXMlMjAlM0QlMjA2MCUyMGNsaWVudHMlMjAlMjAlM0NiciUyRiUzRTklMjAwMDAlRTIlODIlQUMlMjAtJTIwMSUyMDUwMCVFMiU4MiVBQyUyMCUzRCUyMDclMjA1MDAlRTIlODIlQUMlMjAlM0NiciUyRiUzRSUyMCUyMDclMjA1MDAlRTIlODIlQUMlMjAlMkYlMjA1JTIwJTNDYnIlM0UlMjAlM0NzdHJvbmclM0UlM0QlMjAxJTIwNTAwJUUyJTgyJUFDJTNDJTJGc3Ryb25nJTNFJTNDJTJGdGQlM0UlMEElMjAlMjAlMjAlMjAlM0MlMkZ0ciUzRSUwQSUyMCUyMCUyMCUyMCUzQ3RyJTNFJTBBJTIwJTIwJTIwJTIwJTIwJTIwJTNDdGQlMjBjb2xzcGFuJTNEJTIyMSUyMiUzRURJQU1BTlQlM0MlMkZ0ZCUzRSUwQSUyMCUyMCUyMCUyMCUyMCUyMCUzQ3RkJTIwY29sc3BhbiUzRCUyMjIlMjIlM0VVTklRVUVNRU5UJTIwU1VSJTIwREVNQU5ERSUzQyUyRnRkJTNFJTBBJTIwJTIwJTIwJTIwJTNDJTJGdHIlM0UlMEElMjAlMjAlM0MlMkZ0Ym9keSUzRSUwQSUzQyUyRnRhYmxlJTNFJTBBJTNDJTJGZGl2JTNF[\/vc_raw_html][\/vc_column_inner][\/vc_row_inner][\/vc_column][\/vc_row]\n","protected":false},"excerpt":{"rendered":"<p>[vc_row type=\"in_container\" full_screen_row_position=\"middle\" column_margin=\"default\" column_direction=\"default\" column_direction_tablet=\"default\" column_direction_phone=\"default\" scene_position=\"center\" text_color=\"dark\" text_align=\"left\" row_border_radius=\"none\" row_border_radius_applies=\"bg\" overflow=\"visible\" overlay_strength=\"0.3\" gradient_direction=\"left_to_right\" shape_divider_position=\"bottom\" bg_image_animation=\"none\"][vc_column column_padding=\"no-extra-padding\" column_padding_tablet=\"inherit\" column_padding_phone=\"inherit\" column_padding_position=\"all\" column_element_spacing=\"default\" background_color_opacity=\"1\" background_hover_color_opacity=\"1\" column_shadow=\"none\" column_border_radius=\"none\" column_link_target=\"_self\" column_position=\"default\" gradient_direction=\"left_to_right\" overlay_strength=\"0.3\"...<\/p>\n","protected":false},"author":1,"featured_media":0,"parent":0,"menu_order":0,"comment_status":"closed","ping_status":"closed","template":"","meta":[],"yoast_head":"<!-- This site is optimized with the Yoast SEO plugin v19.13 - https:\/\/yoast.com\/wordpress\/plugins\/seo\/ -->\n<title>Parrainage - stop tabac center<\/title>\n<meta name=\"robots\" content=\"noindex, nofollow\" \/>\n<meta property=\"og:locale\" content=\"fr_FR\" \/>\n<meta property=\"og:type\" content=\"article\" \/>\n<meta property=\"og:title\" content=\"Parrainage - stop tabac center\" \/>\n<meta property=\"og:description\" content=\"[vc_row type=&quot;in_container&quot; full_screen_row_position=&quot;middle&quot; column_margin=&quot;default&quot; column_direction=&quot;default&quot; column_direction_tablet=&quot;default&quot; column_direction_phone=&quot;default&quot; scene_position=&quot;center&quot; text_color=&quot;dark&quot; text_align=&quot;left&quot; row_border_radius=&quot;none&quot; row_border_radius_applies=&quot;bg&quot; overflow=&quot;visible&quot; overlay_strength=&quot;0.3&quot; gradient_direction=&quot;left_to_right&quot; shape_divider_position=&quot;bottom&quot; bg_image_animation=&quot;none&quot;][vc_column column_padding=&quot;no-extra-padding&quot; column_padding_tablet=&quot;inherit&quot; column_padding_phone=&quot;inherit&quot; column_padding_position=&quot;all&quot; column_element_spacing=&quot;default&quot; background_color_opacity=&quot;1&quot; background_hover_color_opacity=&quot;1&quot; column_shadow=&quot;none&quot; column_border_radius=&quot;none&quot; column_link_target=&quot;_self&quot; column_position=&quot;default&quot; gradient_direction=&quot;left_to_right&quot; overlay_strength=&quot;0.3&quot;...\" \/>\n<meta property=\"og:url\" content=\"https:\/\/tabac-stop-center-01.com\/fr\/parrainage\/\" \/>\n<meta property=\"og:site_name\" content=\"stop tabac center\" \/>\n<meta property=\"article:modified_time\" content=\"2022-11-21T15:39:35+00:00\" \/>\n<meta name=\"twitter:card\" content=\"summary_large_image\" \/>\n<meta name=\"twitter:label1\" content=\"Dur\u00e9e de lecture estim\u00e9e\" \/>\n\t<meta name=\"twitter:data1\" content=\"4 minutes\" \/>\n<!-- \/ Yoast SEO plugin. -->","yoast_head_json":{"title":"Parrainage - stop tabac center","robots":{"index":"noindex","follow":"nofollow"},"og_locale":"fr_FR","og_type":"article","og_title":"Parrainage - stop tabac center","og_description":"[vc_row type=\"in_container\" full_screen_row_position=\"middle\" column_margin=\"default\" column_direction=\"default\" column_direction_tablet=\"default\" column_direction_phone=\"default\" scene_position=\"center\" text_color=\"dark\" text_align=\"left\" row_border_radius=\"none\" row_border_radius_applies=\"bg\" overflow=\"visible\" overlay_strength=\"0.3\" gradient_direction=\"left_to_right\" shape_divider_position=\"bottom\" bg_image_animation=\"none\"][vc_column column_padding=\"no-extra-padding\" column_padding_tablet=\"inherit\" column_padding_phone=\"inherit\" column_padding_position=\"all\" column_element_spacing=\"default\" background_color_opacity=\"1\" background_hover_color_opacity=\"1\" column_shadow=\"none\" column_border_radius=\"none\" column_link_target=\"_self\" column_position=\"default\" gradient_direction=\"left_to_right\" overlay_strength=\"0.3\"...","og_url":"https:\/\/tabac-stop-center-01.com\/fr\/parrainage\/","og_site_name":"stop tabac center","article_modified_time":"2022-11-21T15:39:35+00:00","twitter_card":"summary_large_image","twitter_misc":{"Dur\u00e9e de lecture estim\u00e9e":"4 minutes"},"schema":{"@context":"https:\/\/schema.org","@graph":[{"@type":"WebPage","@id":"https:\/\/tabac-stop-center-01.com\/fr\/parrainage\/","url":"https:\/\/tabac-stop-center-01.com\/fr\/parrainage\/","name":"Parrainage - stop tabac center","isPartOf":{"@id":"https:\/\/tabac-stop-center-01.com\/fr\/#website"},"datePublished":"2022-07-06T08:22:53+00:00","dateModified":"2022-11-21T15:39:35+00:00","breadcrumb":{"@id":"https:\/\/tabac-stop-center-01.com\/fr\/parrainage\/#breadcrumb"},"inLanguage":"fr-FR","potentialAction":[{"@type":"ReadAction","target":["https:\/\/tabac-stop-center-01.com\/fr\/parrainage\/"]}]},{"@type":"BreadcrumbList","@id":"https:\/\/tabac-stop-center-01.com\/fr\/parrainage\/#breadcrumb","itemListElement":[{"@type":"ListItem","position":1,"name":"Accueil","item":"https:\/\/tabac-stop-center-01.com\/fr\/"},{"@type":"ListItem","position":2,"name":"Parrainage"}]},{"@type":"WebSite","@id":"https:\/\/tabac-stop-center-01.com\/fr\/#website","url":"https:\/\/tabac-stop-center-01.com\/fr\/","name":"stop tabac center","description":"Un site utilisant WordPress","potentialAction":[{"@type":"SearchAction","target":{"@type":"EntryPoint","urlTemplate":"https:\/\/tabac-stop-center-01.com\/fr\/?s={search_term_string}"},"query-input":"required name=search_term_string"}],"inLanguage":"fr-FR"}]}},"_links":{"self":[{"href":"https:\/\/tabac-stop-center-01.com\/fr\/wp-json\/wp\/v2\/pages\/198"}],"collection":[{"href":"https:\/\/tabac-stop-center-01.com\/fr\/wp-json\/wp\/v2\/pages"}],"about":[{"href":"https:\/\/tabac-stop-center-01.com\/fr\/wp-json\/wp\/v2\/types\/page"}],"author":[{"embeddable":true,"href":"https:\/\/tabac-stop-center-01.com\/fr\/wp-json\/wp\/v2\/users\/1"}],"replies":[{"embeddable":true,"href":"https:\/\/tabac-stop-center-01.com\/fr\/wp-json\/wp\/v2\/comments?post=198"}],"version-history":[{"count":72,"href":"https:\/\/tabac-stop-center-01.com\/fr\/wp-json\/wp\/v2\/pages\/198\/revisions"}],"predecessor-version":[{"id":683,"href":"https:\/\/tabac-stop-center-01.com\/fr\/wp-json\/wp\/v2\/pages\/198\/revisions\/683"}],"wp:attachment":[{"href":"https:\/\/tabac-stop-center-01.com\/fr\/wp-json\/wp\/v2\/media?parent=198"}],"curies":[{"name":"wp","href":"https:\/\/api.w.org\/{rel}","templated":true}]}}