{"id":727,"date":"2022-07-19T14:21:12","date_gmt":"2022-07-19T12:21:12","guid":{"rendered":"https:\/\/tabac-stop-center-01.com\/mentions-legales\/"},"modified":"2022-11-29T10:01:46","modified_gmt":"2022-11-29T09:01:46","slug":"mentions-legales","status":"publish","type":"page","link":"https:\/\/tabac-stop-center-01.com\/ch\/mentions-legales\/","title":{"rendered":"Mentions l\u00e9gales"},"content":{"rendered":"<h2><b>Le site www.tabac-stop-center-01.com<\/b> <b>est \u00e9dit\u00e9 par<\/b><\/h2>\n<p><span style=\"font-weight: 400;\">TABAC STOP CENTER 01 SASU, soci\u00e9t\u00e9 fran\u00e7aise au capital de 5000,00\u20ac. Adresse du si\u00e8ge social : 22, route des Trois Fontaines, 63740 GELLES, MARTINIQUE\u00a0 | Immatricul\u00e9e \u00e0 l\u2019INSEE le 01\/04\/2022 | Num\u00e9ro RCS B 913 526 075 | Code NAF : 9609Z\u00a0 | Num\u00e9ro SIRET : 91352607500019 | T\u00e9l\u00e9phone : 06 81 82 71 20 | Adresse de courrier \u00e9lectronique : <\/span><span style=\"font-weight: 400;\">tcs01.63@gmail.com.<\/span><\/p>\n<p><span style=\"font-weight: 400;\">TABAC STOP CENTER 01 est actuellement dirig\u00e9e par 1 mandataire social : 1 G\u00e9rant. Le mandataire social de TABAC STOP CENTER 01 est responsable de la totalit\u00e9 de ses actes qui sont ainsi susceptibles d\u2019engager des responsabilit\u00e9s civiles voire p\u00e9nales. Le dirigeant mandataire doit aussi rendre compte de la gestion de TABAC STOP CENTER 01 devant ses mandants qui sont souvent les actionnaires de TABAC STOP CENTER 01. Nos conditions g\u00e9n\u00e9rales sont accessibles en cliquant <a href=\"https:\/\/tabac-stop-center-01.com\/ch\/cgv-cgu\/\" target=\"_blank\" rel=\"noopener\">ici<\/a><\/span><span style=\"font-weight: 400;\">. Notre politique de confidentialit\u00e9 est accessible en cliquant <a href=\"https:\/\/tabac-stop-center-01.com\/ch\/politique-de-confidentialite\/\" target=\"_blank\" rel=\"noopener\">ici<\/a><\/span><\/p>\n<h2><b>Directeur de la publication<\/b><\/h2>\n<p><span style=\"font-weight: 400;\">Thomas ALVAREZ, dirigeant de TABAC STOP CENTER 01.<\/span><\/p>\n<h2><b>Le site www.tabac-stop-center-01.com est h\u00e9berg\u00e9 par<\/b><\/h2>\n<p><span style=\"font-weight: 400;\">Soci\u00e9t\u00e9 <\/span><a href=\"https:\/\/www.novazeo.com\/\"><span style=\"font-weight: 400;\">Novazeo<\/span><\/a><span style=\"font-weight: 400;\"> \u2013 Atypik Agency\u00a0<\/span><\/p>\n<h2><b>Droits de propri\u00e9t\u00e9 intellectuelle<\/b><\/h2>\n<p><span style=\"font-weight: 400;\">La structure g\u00e9n\u00e9rale, ainsi que les textes, images anim\u00e9es ou fixes, son, dessins, photographies, logos, marques graphisme et tout autre \u00e9l\u00e9ment composant le site, sont soit la propri\u00e9t\u00e9 de l\u2019\u00c9diteur, soit la propri\u00e9t\u00e9 de tiers ayant donn\u00e9 leur accord \u00e0 une reproduction sur le site tabac-stop-center-01.com. La repr\u00e9sentation, totale ou partielle de ce site, par quelque proc\u00e9d\u00e9 que ce soit, et\/ou des \u00e9l\u00e9ments y figurant, sans autorisation expresse et pr\u00e9alable de l\u2019\u00c9diteur, est interdite, et constituerait une contrefa\u00e7on sanctionn\u00e9e par les articles L 335-2 et suivants du Code de la Propri\u00e9t\u00e9 Intellectuelle. Toute reproduction et\/ou repr\u00e9sentation et\/ou rediffusion, en tout ou partie, sur tout support \u00e9lectronique ou non, pr\u00e9sent ou futur, sont interdites sauf autorisation expresse et pr\u00e9alable. Toutes les demandes de reproduction et\/ou repr\u00e9sentation et\/ou rediffusion doivent \u00eatre envoy\u00e9es \u00e0 l\u2019adresse email : <\/span><span style=\"font-weight: 400;\">tcs01.63@gmail.com<\/span><span style=\"font-weight: 400;\">. De m\u00eame, les bases de donn\u00e9es d\u2019informations sont prot\u00e9g\u00e9es. Toute extraction ou tentative d\u2019extraction, fut- elle totale ou partielle, est susceptible d\u2019engager les responsabilit\u00e9s civile et p\u00e9nale de tout contrevenant. Les particuliers sont autoris\u00e9s \u00e0 utiliser le site dans un cadre strictement priv\u00e9 en respectant les conditions suivantes : le mat\u00e9riel imprim\u00e9 ne peut \u00eatre utilis\u00e9 \u00e0 des fins commerciales ; toute copie effectu\u00e9e garde les m\u00eames droits de copyright que le mat\u00e9riel original ; la technologie et les proc\u00e9d\u00e9s utilis\u00e9s dans le site peuvent \u00eatre sujets \u00e0 d\u2019autres droits de propri\u00e9t\u00e9 intellectuelle appartenant \u00e0 TABAC STOP CENTER 01 ; les images diffus\u00e9es sur le site sont prot\u00e9g\u00e9es et ne peuvent \u00eatre reproduites sans le consentement \u00e9crit de leur propri\u00e9taire ; aucun logo ou aucune marque commerciale apparaissant sur le site ne peut \u00eatre imprim\u00e9 ou copi\u00e9 sauf en tant qu\u2019illustration faisant partie d\u2019un texte. Tous les droits de TABAC STOP CENTER 01 r\u00e9serv\u00e9s.<\/span><\/p>\n<h2><\/h2>\n","protected":false},"excerpt":{"rendered":"<p>Le site www.tabac-stop-center-01.com est \u00e9dit\u00e9 par TABAC STOP CENTER 01 SASU, soci\u00e9t\u00e9 fran\u00e7aise au capital de 5000,00\u20ac. Adresse du si\u00e8ge social : 22, route des Trois Fontaines, 63740 GELLES, MARTINIQUE\u00a0...<\/p>\n","protected":false},"author":1,"featured_media":0,"parent":0,"menu_order":0,"comment_status":"closed","ping_status":"closed","template":"","meta":[],"yoast_head":"<!-- This site is optimized with the Yoast SEO plugin v19.13 - https:\/\/yoast.com\/wordpress\/plugins\/seo\/ -->\n<title>Mentions l\u00e9gales - stop tabac center<\/title>\n<meta name=\"robots\" content=\"noindex, nofollow\" \/>\n<meta property=\"og:locale\" content=\"fr_FR\" \/>\n<meta property=\"og:type\" content=\"article\" \/>\n<meta property=\"og:title\" content=\"Mentions l\u00e9gales - stop tabac center\" \/>\n<meta property=\"og:description\" content=\"Le site www.tabac-stop-center-01.com est \u00e9dit\u00e9 par TABAC STOP CENTER 01 SASU, soci\u00e9t\u00e9 fran\u00e7aise au capital de 5000,00\u20ac. Adresse du si\u00e8ge social : 22, route des Trois Fontaines, 63740 GELLES, MARTINIQUE\u00a0...\" \/>\n<meta property=\"og:url\" content=\"https:\/\/tabac-stop-center-01.com\/ch\/mentions-legales\/\" \/>\n<meta property=\"og:site_name\" content=\"stop tabac center\" \/>\n<meta property=\"article:modified_time\" content=\"2022-11-29T09:01:46+00:00\" \/>\n<meta name=\"twitter:card\" content=\"summary_large_image\" \/>\n<meta name=\"twitter:label1\" content=\"Est. reading time\" \/>\n\t<meta name=\"twitter:data1\" content=\"3 minutes\" \/>\n<!-- \/ Yoast SEO plugin. -->","yoast_head_json":{"title":"Mentions l\u00e9gales - stop tabac center","robots":{"index":"noindex","follow":"nofollow"},"og_locale":"fr_FR","og_type":"article","og_title":"Mentions l\u00e9gales - stop tabac center","og_description":"Le site www.tabac-stop-center-01.com est \u00e9dit\u00e9 par TABAC STOP CENTER 01 SASU, soci\u00e9t\u00e9 fran\u00e7aise au capital de 5000,00\u20ac. Adresse du si\u00e8ge social : 22, route des Trois Fontaines, 63740 GELLES, MARTINIQUE\u00a0...","og_url":"https:\/\/tabac-stop-center-01.com\/ch\/mentions-legales\/","og_site_name":"stop tabac center","article_modified_time":"2022-11-29T09:01:46+00:00","twitter_card":"summary_large_image","twitter_misc":{"Est. reading time":"3 minutes"},"schema":{"@context":"https:\/\/schema.org","@graph":[{"@type":"WebPage","@id":"https:\/\/tabac-stop-center-01.com\/ch\/mentions-legales\/","url":"https:\/\/tabac-stop-center-01.com\/ch\/mentions-legales\/","name":"Mentions l\u00e9gales - stop tabac center","isPartOf":{"@id":"https:\/\/tabac-stop-center-01.com\/fr\/#website"},"datePublished":"2022-07-19T12:21:12+00:00","dateModified":"2022-11-29T09:01:46+00:00","breadcrumb":{"@id":"https:\/\/tabac-stop-center-01.com\/ch\/mentions-legales\/#breadcrumb"},"inLanguage":"fr-CH","potentialAction":[{"@type":"ReadAction","target":["https:\/\/tabac-stop-center-01.com\/ch\/mentions-legales\/"]}]},{"@type":"BreadcrumbList","@id":"https:\/\/tabac-stop-center-01.com\/ch\/mentions-legales\/#breadcrumb","itemListElement":[{"@type":"ListItem","position":1,"name":"Accueil","item":"https:\/\/tabac-stop-center-01.com\/fr\/"},{"@type":"ListItem","position":2,"name":"Mentions l\u00e9gales"}]},{"@type":"WebSite","@id":"https:\/\/tabac-stop-center-01.com\/fr\/#website","url":"https:\/\/tabac-stop-center-01.com\/fr\/","name":"stop tabac center","description":"Un site utilisant WordPress","potentialAction":[{"@type":"SearchAction","target":{"@type":"EntryPoint","urlTemplate":"https:\/\/tabac-stop-center-01.com\/fr\/?s={search_term_string}"},"query-input":"required name=search_term_string"}],"inLanguage":"fr-CH"}]}},"_links":{"self":[{"href":"https:\/\/tabac-stop-center-01.com\/ch\/wp-json\/wp\/v2\/pages\/727"}],"collection":[{"href":"https:\/\/tabac-stop-center-01.com\/ch\/wp-json\/wp\/v2\/pages"}],"about":[{"href":"https:\/\/tabac-stop-center-01.com\/ch\/wp-json\/wp\/v2\/types\/page"}],"author":[{"embeddable":true,"href":"https:\/\/tabac-stop-center-01.com\/ch\/wp-json\/wp\/v2\/users\/1"}],"replies":[{"embeddable":true,"href":"https:\/\/tabac-stop-center-01.com\/ch\/wp-json\/wp\/v2\/comments?post=727"}],"version-history":[{"count":1,"href":"https:\/\/tabac-stop-center-01.com\/ch\/wp-json\/wp\/v2\/pages\/727\/revisions"}],"predecessor-version":[{"id":745,"href":"https:\/\/tabac-stop-center-01.com\/ch\/wp-json\/wp\/v2\/pages\/727\/revisions\/745"}],"wp:attachment":[{"href":"https:\/\/tabac-stop-center-01.com\/ch\/wp-json\/wp\/v2\/media?parent=727"}],"curies":[{"name":"wp","href":"https:\/\/api.w.org\/{rel}","templated":true}]}}