{"id":724,"date":"2022-07-05T18:04:34","date_gmt":"2022-07-05T16:04:34","guid":{"rendered":"https:\/\/tabac-stop-center-01.com\/les-formules\/"},"modified":"2022-11-29T09:59:38","modified_gmt":"2022-11-29T08:59:38","slug":"les-formules","status":"publish","type":"page","link":"https:\/\/tabac-stop-center-01.com\/ch\/les-formules\/","title":{"rendered":"Les formules"},"content":{"rendered":"[vc_row type=\"in_container\" full_screen_row_position=\"middle\" column_margin=\"default\" column_direction=\"default\" column_direction_tablet=\"default\" column_direction_phone=\"default\" scene_position=\"center\" text_color=\"dark\" text_align=\"left\" row_border_radius=\"none\" row_border_radius_applies=\"bg\" overflow=\"visible\" overlay_strength=\"0.3\" gradient_direction=\"left_to_right\" shape_divider_position=\"bottom\" bg_image_animation=\"none\"][vc_column column_padding=\"no-extra-padding\" column_padding_tablet=\"inherit\" column_padding_phone=\"inherit\" column_padding_position=\"all\" column_element_spacing=\"default\" background_color_opacity=\"1\" background_hover_color_opacity=\"1\" column_shadow=\"none\" column_border_radius=\"none\" column_link_target=\"_self\" column_position=\"default\" gradient_direction=\"left_to_right\" overlay_strength=\"0.3\" width=\"1\/1\" tablet_width_inherit=\"default\" tablet_text_alignment=\"default\" phone_text_alignment=\"default\" animation_type=\"default\" bg_image_animation=\"none\" border_type=\"simple\" column_border_width=\"none\" column_border_style=\"solid\"][nectar_global_section id=\"124\"][\/vc_column][\/vc_row][vc_row type=\"in_container\" full_screen_row_position=\"middle\" column_margin=\"default\" column_direction=\"default\" column_direction_tablet=\"default\" column_direction_phone=\"default\" scene_position=\"center\" top_padding=\"5%\" bottom_padding=\"3%\" text_color=\"dark\" text_align=\"left\" row_border_radius=\"none\" row_border_radius_applies=\"bg\" overflow=\"visible\" advanced_gradient_angle=\"0\" overlay_strength=\"0.3\" gradient_direction=\"left_to_right\" shape_divider_position=\"bottom\" bg_image_animation=\"none\" gradient_type=\"default\" shape_type=\"\"][vc_column column_padding=\"no-extra-padding\" column_padding_tablet=\"inherit\" column_padding_phone=\"inherit\" column_padding_position=\"all\" column_element_spacing=\"default\" background_color_opacity=\"1\" background_hover_color_opacity=\"1\" column_shadow=\"none\" column_border_radius=\"none\" column_link_target=\"_self\" column_position=\"default\" gradient_direction=\"left_to_right\" overlay_strength=\"0.3\" width=\"1\/4\" tablet_width_inherit=\"default\" tablet_text_alignment=\"default\" phone_text_alignment=\"default\" animation_type=\"default\" bg_image_animation=\"none\" border_type=\"simple\" column_border_width=\"none\" column_border_style=\"solid\"][\/vc_column][vc_column column_padding=\"no-extra-padding\" column_padding_tablet=\"inherit\" column_padding_phone=\"inherit\" column_padding_position=\"all\" column_element_spacing=\"default\" centered_text=\"true\" background_color_opacity=\"1\" background_hover_color_opacity=\"1\" column_shadow=\"none\" column_border_radius=\"none\" column_link_target=\"_self\" column_position=\"default\" advanced_gradient_angle=\"0\" gradient_direction=\"left_to_right\" overlay_strength=\"0.3\" width=\"1\/2\" tablet_width_inherit=\"default\" tablet_text_alignment=\"default\" phone_text_alignment=\"default\" animation_type=\"default\" bg_image_animation=\"none\" border_type=\"simple\" column_border_width=\"none\" column_border_style=\"solid\" gradient_type=\"default\"][vc_custom_heading text=\"Objectif Z\u00e9ro Tabac en 3 possibilit\u00e9s\" font_container=\"tag:p|font_size:40px|text_align:center|color:%23212121|line_height:48px\" google_fonts=\"font_family:Montserrat%3Aregular%2C700|font_style:700%20bold%20regular%3A700%3Anormal\" css=\".vc_custom_1658763360966{padding-bottom: 0px !important;}\"][vc_raw_html]JTNDc3BhbiUyMGNsYXNzJTNEJTIyYmFyJTIwcGluayUyMiUzRSUzQyUyRnNwYW4lM0U=[\/vc_raw_html][vc_column_text]\n<p style=\"text-align: center;\"><span style=\"font-weight: 400;\">Afin d\u2019atteindre, ensemble, l\u2019objectif du Z\u00e9ro Tabac, Tabac Stop Center 01 vous propose 3 formules adapt\u00e9es \u00e0 votre niveau de d\u00e9pendance.<\/span><\/p>\n[\/vc_column_text][\/vc_column][vc_column column_padding=\"no-extra-padding\" column_padding_tablet=\"inherit\" column_padding_phone=\"inherit\" column_padding_position=\"all\" column_element_spacing=\"default\" background_color_opacity=\"1\" background_hover_color_opacity=\"1\" column_shadow=\"none\" column_border_radius=\"none\" column_link_target=\"_self\" column_position=\"default\" gradient_direction=\"left_to_right\" overlay_strength=\"0.3\" width=\"1\/4\" tablet_width_inherit=\"default\" tablet_text_alignment=\"default\" phone_text_alignment=\"default\" animation_type=\"default\" bg_image_animation=\"none\" border_type=\"simple\" column_border_width=\"none\" column_border_style=\"solid\"][\/vc_column][\/vc_row][vc_row type=\"full_width_background\" full_screen_row_position=\"middle\" column_margin=\"default\" column_direction=\"default\" column_direction_tablet=\"default\" column_direction_phone=\"default\" bg_color=\"#ffffff\" scene_position=\"center\" top_padding=\"8%\" constrain_group_1=\"yes\" bottom_padding=\"8%\" text_color=\"dark\" text_align=\"left\" row_border_radius=\"none\" row_border_radius_applies=\"bg\" overflow=\"visible\" advanced_gradient_angle=\"0\" overlay_strength=\"0.8\" gradient_direction=\"left_to_right\" shape_divider_position=\"bottom\" bg_image_animation=\"none\" shape_type=\"\" gradient_type=\"default\"][vc_column column_padding=\"no-extra-padding\" column_padding_tablet=\"inherit\" column_padding_phone=\"inherit\" column_padding_position=\"all\" column_element_spacing=\"default\" background_color_opacity=\"1\" background_hover_color_opacity=\"1\" column_shadow=\"none\" column_border_radius=\"none\" column_link_target=\"_self\" column_position=\"default\" gradient_direction=\"left_to_right\" overlay_strength=\"0.3\" width=\"1\/1\" tablet_width_inherit=\"default\" tablet_text_alignment=\"default\" phone_text_alignment=\"default\" animation_type=\"default\" bg_image_animation=\"none\" border_type=\"simple\" column_border_width=\"none\" column_border_style=\"solid\"][vc_row_inner column_margin=\"none\" column_direction=\"default\" column_direction_tablet=\"default\" column_direction_phone=\"default\" bottom_padding=\"5%\" text_align=\"left\" row_position=\"default\" row_position_tablet=\"inherit\" row_position_phone=\"inherit\" overflow=\"visible\" pointer_events=\"all\"][vc_column_inner column_padding=\"no-extra-padding\" column_padding_tablet=\"inherit\" column_padding_phone=\"inherit\" column_padding_position=\"all\" column_element_spacing=\"default\" background_color_opacity=\"1\" background_hover_color_opacity=\"1\" column_shadow=\"none\" column_border_radius=\"none\" column_link_target=\"_self\" gradient_direction=\"left_to_right\" overlay_strength=\"0.3\" width=\"1\/2\" tablet_width_inherit=\"default\" animation_type=\"default\" enable_animation=\"true\" animation=\"fade-in-from-bottom\" bg_image_animation=\"none\" border_type=\"simple\" column_border_width=\"none\" column_border_style=\"solid\"][vc_custom_heading text=\"Les formules Tabac Stop Center\" font_container=\"tag:p|font_size:40px|text_align:left|color:%23212121|line_height:48px\" google_fonts=\"font_family:Montserrat%3Aregular%2C700|font_style:700%20bold%20regular%3A700%3Anormal\" css=\".vc_custom_1657038851533{padding-bottom: 0px !important;}\"][\/vc_column_inner][vc_column_inner column_padding=\"no-extra-padding\" column_padding_tablet=\"inherit\" column_padding_phone=\"inherit\" column_padding_position=\"all\" column_element_spacing=\"default\" background_color_opacity=\"1\" background_hover_color_opacity=\"1\" column_shadow=\"none\" column_border_radius=\"none\" column_link_target=\"_self\" gradient_direction=\"left_to_right\" overlay_strength=\"0.3\" width=\"1\/2\" tablet_width_inherit=\"default\" animation_type=\"default\" bg_image_animation=\"none\" border_type=\"simple\" column_border_width=\"none\" column_border_style=\"solid\"][\/vc_column_inner][\/vc_row_inner][vc_row_inner column_margin=\"none\" column_direction=\"default\" column_direction_tablet=\"default\" column_direction_phone=\"default\" text_align=\"left\" row_position=\"default\" row_position_tablet=\"inherit\" row_position_phone=\"inherit\" class=\"pricing header\" overflow=\"visible\" pointer_events=\"all\"][vc_column_inner column_padding=\"no-extra-padding\" column_padding_tablet=\"inherit\" column_padding_phone=\"inherit\" column_padding_position=\"all\" column_element_spacing=\"default\" background_color_opacity=\"1\" background_hover_color_opacity=\"1\" column_shadow=\"none\" column_border_radius=\"none\" column_link_target=\"_self\" gradient_direction=\"left_to_right\" overlay_strength=\"0.3\" width=\"1\/1\" tablet_width_inherit=\"default\" animation_type=\"default\" enable_animation=\"true\" animation=\"fade-in-from-bottom\" bg_image_animation=\"none\" border_type=\"simple\" column_border_width=\"none\" column_border_style=\"solid\"][nectar_horizontal_list_item columns=\"4\" column_layout_using_4_columns=\"small_nth\" col_1_text_align=\"left\" col_2_text_align=\"left\" col_3_text_align=\"left\" col_4_text_align=\"left\" col_1_text_element=\"p\" col_2_text_element=\"p\" col_3_text_element=\"p\" col_4_text_element=\"p\" font_family=\"p\" hover_effect=\"full_border\" hover_color=\"extra-color-3\" border_radius=\"none\" icon_family=\"none\" icon_size=\"large\" col_1_content=\"Formules\" col_2_content=\"Nbre de s\u00e9ances\" col_3_content=\"Caract\u00e9ristiques\" col_4_content=\"Tarifs\"][\/vc_column_inner][\/vc_row_inner][vc_row_inner column_margin=\"none\" column_direction=\"default\" column_direction_tablet=\"default\" column_direction_phone=\"default\" text_align=\"left\" row_position=\"default\" row_position_tablet=\"inherit\" row_position_phone=\"inherit\" class=\"pricing\" overflow=\"visible\" pointer_events=\"all\"][vc_column_inner column_padding=\"no-extra-padding\" column_padding_tablet=\"inherit\" column_padding_phone=\"inherit\" column_padding_position=\"all\" column_element_spacing=\"default\" background_color_opacity=\"1\" background_hover_color_opacity=\"1\" column_shadow=\"none\" column_border_radius=\"none\" column_link_target=\"_self\" gradient_direction=\"left_to_right\" overlay_strength=\"0.3\" width=\"1\/1\" tablet_width_inherit=\"default\" animation_type=\"default\" enable_animation=\"true\" animation=\"fade-in-from-bottom\" bg_image_animation=\"none\" border_type=\"simple\" column_border_width=\"none\" column_border_style=\"solid\"][nectar_horizontal_list_item columns=\"4\" column_layout_using_4_columns=\"small_nth\" col_1_text_align=\"left\" col_2_text_align=\"left\" col_3_text_align=\"left\" col_4_text_align=\"center\" col_1_text_element=\"p\" col_2_text_element=\"p\" col_3_text_element=\"p\" col_4_text_element=\"p\" font_family=\"h3\" hover_effect=\"full_border\" hover_color=\"extra-color-3\" border_radius=\"none\" icon_family=\"none\" icon_size=\"large\" col_1_content=\"EXPRESS\" col_2_content=\"1 s\u00e9ance\" cta_1_text=\"Rendez vous\" col_3_content=\"1 s\u00e9ance suppl\u00e9mentaire gratuite si besoin\" col_4_content=\"200\u20ac\" cta_1_url=\"\/ch\/express-lain-01\"][\/vc_column_inner][\/vc_row_inner][vc_row_inner column_margin=\"none\" column_direction=\"default\" column_direction_tablet=\"default\" column_direction_phone=\"default\" text_align=\"left\" row_position=\"default\" row_position_tablet=\"inherit\" row_position_phone=\"inherit\" class=\"pricing\" overflow=\"visible\" pointer_events=\"all\"][vc_column_inner column_padding=\"no-extra-padding\" column_padding_tablet=\"inherit\" column_padding_phone=\"inherit\" column_padding_position=\"all\" column_element_spacing=\"default\" background_color_opacity=\"1\" background_hover_color_opacity=\"1\" column_shadow=\"none\" column_border_radius=\"none\" column_link_target=\"_self\" gradient_direction=\"left_to_right\" overlay_strength=\"0.3\" width=\"1\/1\" tablet_width_inherit=\"default\" animation_type=\"default\" enable_animation=\"true\" animation=\"fade-in-from-bottom\" bg_image_animation=\"none\" border_type=\"simple\" column_border_width=\"none\" column_border_style=\"solid\"][nectar_horizontal_list_item columns=\"4\" column_layout_using_4_columns=\"small_nth\" col_1_text_align=\"left\" col_2_text_align=\"left\" col_3_text_align=\"left\" col_4_text_align=\"center\" col_1_text_element=\"p\" col_2_text_element=\"p\" col_3_text_element=\"p\" col_4_text_element=\"p\" font_family=\"h3\" hover_effect=\"full_border\" hover_color=\"extra-color-3\" border_radius=\"none\" icon_family=\"none\" icon_size=\"large\" col_1_content=\"VICTOIRE\" col_2_content=\"2 s\u00e9ances (24-48h d\u2019intervalle) \u2022 S\u00e9ance suppl\u00e9mentaire si besoin\" cta_1_text=\"Rendez vous\" col_3_content=\"Suivi \u2022 Garantie 12 mois (en cas de rechute) \u2022 Conseils et \u00e9coute \u2022 Si rechute apr\u00e8s les 12 mois de garantie, s\u00e9ance suppl\u00e9mentaire Gratuite.Taux de r\u00e9ussite plus \u00e9lev\u00e9.\" col_4_content=\"350\u20ac*OFFRE DUO 500\u20ac\" cta_1_url=\"\/ch\/victoire-lain-01\"][\/vc_column_inner][\/vc_row_inner][vc_row_inner column_margin=\"none\" column_direction=\"default\" column_direction_tablet=\"default\" column_direction_phone=\"default\" text_align=\"left\" row_position=\"default\" row_position_tablet=\"inherit\" row_position_phone=\"inherit\" class=\"pricing\" overflow=\"visible\" pointer_events=\"all\"][vc_column_inner column_padding=\"no-extra-padding\" column_padding_tablet=\"inherit\" column_padding_phone=\"inherit\" column_padding_position=\"all\" column_element_spacing=\"default\" background_color_opacity=\"1\" background_hover_color_opacity=\"1\" column_shadow=\"none\" column_border_radius=\"none\" column_link_target=\"_self\" gradient_direction=\"left_to_right\" overlay_strength=\"0.3\" width=\"1\/1\" tablet_width_inherit=\"default\" animation_type=\"default\" enable_animation=\"true\" animation=\"fade-in-from-bottom\" bg_image_animation=\"none\" border_type=\"simple\" column_border_width=\"none\" column_border_style=\"solid\"][nectar_horizontal_list_item columns=\"4\" column_layout_using_4_columns=\"small_nth\" col_1_text_align=\"left\" col_2_text_align=\"left\" col_3_text_align=\"left\" col_4_text_align=\"center\" col_1_text_element=\"p\" col_2_text_element=\"p\" col_3_text_element=\"p\" col_4_text_element=\"p\" font_family=\"h3\" hover_effect=\"full_border\" hover_color=\"extra-color-3\" border_radius=\"none\" icon_family=\"none\" icon_size=\"large\" col_1_content=\"LIVRAISON\" col_2_content=\"Cf. formule Expresse+ d\u00e9placement \u00e0 domicile 250\u20ac offre Duo 400\u20ac\" cta_1_text=\"Rendez vous\" col_3_content=\"Cf. formule VICTOIRE + d\u00e9placement \u00e0 domicile\" col_4_content=\"400 \u20ac*OFFRE DUO 600\u20ac\" cta_1_url=\"\/ch\/livraison-lain-01\"][\/vc_column_inner][\/vc_row_inner][\/vc_column][\/vc_row]\n","protected":false},"excerpt":{"rendered":"<p>[vc_row type=\"in_container\" full_screen_row_position=\"middle\" column_margin=\"default\" column_direction=\"default\" column_direction_tablet=\"default\" column_direction_phone=\"default\" scene_position=\"center\" text_color=\"dark\" text_align=\"left\" row_border_radius=\"none\" row_border_radius_applies=\"bg\" overflow=\"visible\" overlay_strength=\"0.3\" gradient_direction=\"left_to_right\" shape_divider_position=\"bottom\" bg_image_animation=\"none\"][vc_column column_padding=\"no-extra-padding\" column_padding_tablet=\"inherit\" column_padding_phone=\"inherit\" column_padding_position=\"all\" column_element_spacing=\"default\" background_color_opacity=\"1\" background_hover_color_opacity=\"1\" column_shadow=\"none\" column_border_radius=\"none\" column_link_target=\"_self\" column_position=\"default\" gradient_direction=\"left_to_right\" overlay_strength=\"0.3\"...<\/p>\n","protected":false},"author":1,"featured_media":0,"parent":0,"menu_order":0,"comment_status":"closed","ping_status":"closed","template":"","meta":[],"yoast_head":"<!-- This site is optimized with the Yoast SEO plugin v19.13 - https:\/\/yoast.com\/wordpress\/plugins\/seo\/ -->\n<title>Les formules - stop tabac center<\/title>\n<meta name=\"robots\" content=\"noindex, nofollow\" \/>\n<meta property=\"og:locale\" content=\"fr_FR\" \/>\n<meta property=\"og:type\" content=\"article\" \/>\n<meta property=\"og:title\" content=\"Les formules - stop tabac center\" \/>\n<meta property=\"og:description\" content=\"[vc_row type=&quot;in_container&quot; full_screen_row_position=&quot;middle&quot; column_margin=&quot;default&quot; column_direction=&quot;default&quot; column_direction_tablet=&quot;default&quot; column_direction_phone=&quot;default&quot; scene_position=&quot;center&quot; text_color=&quot;dark&quot; text_align=&quot;left&quot; row_border_radius=&quot;none&quot; row_border_radius_applies=&quot;bg&quot; overflow=&quot;visible&quot; overlay_strength=&quot;0.3&quot; gradient_direction=&quot;left_to_right&quot; shape_divider_position=&quot;bottom&quot; bg_image_animation=&quot;none&quot;][vc_column column_padding=&quot;no-extra-padding&quot; column_padding_tablet=&quot;inherit&quot; column_padding_phone=&quot;inherit&quot; column_padding_position=&quot;all&quot; column_element_spacing=&quot;default&quot; background_color_opacity=&quot;1&quot; background_hover_color_opacity=&quot;1&quot; column_shadow=&quot;none&quot; column_border_radius=&quot;none&quot; column_link_target=&quot;_self&quot; column_position=&quot;default&quot; gradient_direction=&quot;left_to_right&quot; overlay_strength=&quot;0.3&quot;...\" \/>\n<meta property=\"og:url\" content=\"https:\/\/tabac-stop-center-01.com\/ch\/les-formules\/\" \/>\n<meta property=\"og:site_name\" content=\"stop tabac center\" \/>\n<meta property=\"article:modified_time\" content=\"2022-11-29T08:59:38+00:00\" \/>\n<meta name=\"twitter:card\" content=\"summary_large_image\" \/>\n<meta name=\"twitter:label1\" content=\"Est. reading time\" \/>\n\t<meta name=\"twitter:data1\" content=\"3 minutes\" \/>\n<!-- \/ Yoast SEO plugin. -->","yoast_head_json":{"title":"Les formules - stop tabac center","robots":{"index":"noindex","follow":"nofollow"},"og_locale":"fr_FR","og_type":"article","og_title":"Les formules - stop tabac center","og_description":"[vc_row type=\"in_container\" full_screen_row_position=\"middle\" column_margin=\"default\" column_direction=\"default\" column_direction_tablet=\"default\" column_direction_phone=\"default\" scene_position=\"center\" text_color=\"dark\" text_align=\"left\" row_border_radius=\"none\" row_border_radius_applies=\"bg\" overflow=\"visible\" overlay_strength=\"0.3\" gradient_direction=\"left_to_right\" shape_divider_position=\"bottom\" bg_image_animation=\"none\"][vc_column column_padding=\"no-extra-padding\" column_padding_tablet=\"inherit\" column_padding_phone=\"inherit\" column_padding_position=\"all\" column_element_spacing=\"default\" background_color_opacity=\"1\" background_hover_color_opacity=\"1\" column_shadow=\"none\" column_border_radius=\"none\" column_link_target=\"_self\" column_position=\"default\" gradient_direction=\"left_to_right\" overlay_strength=\"0.3\"...","og_url":"https:\/\/tabac-stop-center-01.com\/ch\/les-formules\/","og_site_name":"stop tabac center","article_modified_time":"2022-11-29T08:59:38+00:00","twitter_card":"summary_large_image","twitter_misc":{"Est. reading time":"3 minutes"},"schema":{"@context":"https:\/\/schema.org","@graph":[{"@type":"WebPage","@id":"https:\/\/tabac-stop-center-01.com\/ch\/les-formules\/","url":"https:\/\/tabac-stop-center-01.com\/ch\/les-formules\/","name":"Les formules - stop tabac center","isPartOf":{"@id":"https:\/\/tabac-stop-center-01.com\/fr\/#website"},"datePublished":"2022-07-05T16:04:34+00:00","dateModified":"2022-11-29T08:59:38+00:00","breadcrumb":{"@id":"https:\/\/tabac-stop-center-01.com\/ch\/les-formules\/#breadcrumb"},"inLanguage":"fr-CH","potentialAction":[{"@type":"ReadAction","target":["https:\/\/tabac-stop-center-01.com\/ch\/les-formules\/"]}]},{"@type":"BreadcrumbList","@id":"https:\/\/tabac-stop-center-01.com\/ch\/les-formules\/#breadcrumb","itemListElement":[{"@type":"ListItem","position":1,"name":"Accueil","item":"https:\/\/tabac-stop-center-01.com\/fr\/"},{"@type":"ListItem","position":2,"name":"Les formules"}]},{"@type":"WebSite","@id":"https:\/\/tabac-stop-center-01.com\/fr\/#website","url":"https:\/\/tabac-stop-center-01.com\/fr\/","name":"stop tabac center","description":"Un site utilisant WordPress","potentialAction":[{"@type":"SearchAction","target":{"@type":"EntryPoint","urlTemplate":"https:\/\/tabac-stop-center-01.com\/fr\/?s={search_term_string}"},"query-input":"required name=search_term_string"}],"inLanguage":"fr-CH"}]}},"_links":{"self":[{"href":"https:\/\/tabac-stop-center-01.com\/ch\/wp-json\/wp\/v2\/pages\/724"}],"collection":[{"href":"https:\/\/tabac-stop-center-01.com\/ch\/wp-json\/wp\/v2\/pages"}],"about":[{"href":"https:\/\/tabac-stop-center-01.com\/ch\/wp-json\/wp\/v2\/types\/page"}],"author":[{"embeddable":true,"href":"https:\/\/tabac-stop-center-01.com\/ch\/wp-json\/wp\/v2\/users\/1"}],"replies":[{"embeddable":true,"href":"https:\/\/tabac-stop-center-01.com\/ch\/wp-json\/wp\/v2\/comments?post=724"}],"version-history":[{"count":2,"href":"https:\/\/tabac-stop-center-01.com\/ch\/wp-json\/wp\/v2\/pages\/724\/revisions"}],"predecessor-version":[{"id":743,"href":"https:\/\/tabac-stop-center-01.com\/ch\/wp-json\/wp\/v2\/pages\/724\/revisions\/743"}],"wp:attachment":[{"href":"https:\/\/tabac-stop-center-01.com\/ch\/wp-json\/wp\/v2\/media?parent=724"}],"curies":[{"name":"wp","href":"https:\/\/api.w.org\/{rel}","templated":true}]}}